{"id":4185,"date":"2023-12-12T21:51:05","date_gmt":"2023-12-12T20:51:05","guid":{"rendered":"https:\/\/frecon.com.ar\/web\/?page_id=4185"},"modified":"2024-01-02T15:01:32","modified_gmt":"2024-01-02T14:01:32","slug":"evaporador-de-bateas-horizontales-3-5","status":"publish","type":"page","link":"https:\/\/frecon.com.ar\/index.php\/evaporador-de-bateas-horizontales-3-5\/","title":{"rendered":"Condensador por aire Met\u00e1lico"},"content":{"rendered":"<div class=\"wpb-content-wrapper\"><p>[vc_row css_animation=\u00bbnone\u00bb][vc_column css_animation=\u00bbbounceInLeft\u00bb][vc_column_text]<\/p>\n<h3 style=\"text-align: center;\">Condensador por aire Met\u00e1lico<\/h3>\n<p>[\/vc_column_text][vc_empty_space height=\u00bb50px\u00bb][\/vc_column][\/vc_row][vc_row css_animation=\u00bbnone\u00bb][vc_column css_animation=\u00bbbounceInLeft\u00bb width=\u00bb7\/12&#8243;][vc_single_image image=\u00bb4128&#8243; img_size=\u00bbfull\u00bb onclick=\u00bblink_image\u00bb][\/vc_column][vc_column css_animation=\u00bbbounceInRight\u00bb width=\u00bb1\/3&#8243;][vc_images_carousel images=\u00bb4191,4187,4188&#8243; img_size=\u00bb400&#215;300&#8243; speed=\u00bb3000&#8243; autoplay=\u00bbyes\u00bb wrap=\u00bbyes\u00bb css_animation=\u00bbnone\u00bb][\/vc_column][\/vc_row][vc_row css=\u00bb.vc_custom_1702467712030{margin-top: 0px !important;margin-bottom: 0px !important;padding-top: 30px !important;padding-bottom: 15px !important;background-color: #efefef !important;background-position: 0 0 !important;background-repeat: repeat !important;}\u00bb][vc_column][vc_single_image image=\u00bb4189&#8243; img_size=\u00bblarge\u00bb alignment=\u00bbcenter\u00bb style=\u00bbvc_box_shadow_3d\u00bb css_animation=\u00bbflipInX\u00bb][\/vc_column][\/vc_row][vc_row][vc_column][vc_empty_space height=\u00bb50px\u00bb]<div class=\"mf-section-title text-center dark large-size \"><h2 style= \"font-weight:0;\">Caracteristicas<\/h2><\/div>[vc_empty_space height=\u00bb50px\u00bb][vc_column_text]<\/p>\n<ul>\n<li>Elevado coeficiente de transferencia t\u00e9rmica por la utilizaci\u00f3n de aletas de aluminio corrugadas sim\u00e9tricamente.<\/li>\n<li>Gran superficie de contacto entre aletas y tubos de cobre.<\/li>\n<li>Tubos de cobre expandidos mec\u00e1nicamente.<\/li>\n<li>Cabezales de aluminio o de acero zincado a elecci\u00f3n.<\/li>\n<li>Caja encauzadora de aire en aluminio o acero zincado.<\/li>\n<li>Equipo desengrasado internamente, seco y presurizado con nitr\u00f3geno a una presi\u00f3n de 20 Kg.\/cm2.<\/li>\n<li>Condiciones para el c\u00e1lculo de la capacidad: temperatura de condensaci\u00f3n 45\u00ba C y temperatura de entrada del aire 31\u00ba C.<\/li>\n<li>Separaci\u00f3n de aletas disponibles: desde 4 a 14 aletas\/pulgadas.<\/li>\n<li>Medidas especiales y potencias mayores a pedido.<\/li>\n<\/ul>\n<p>[\/vc_column_text][\/vc_column][\/vc_row]<\/p>\n<\/div>","protected":false},"excerpt":{"rendered":"<p>[vc_row css_animation=\u00bbnone\u00bb][vc_column css_animation=\u00bbbounceInLeft\u00bb][vc_column_text] Condensador por aire Met\u00e1lico [\/vc_column_text][vc_empty_space height=\u00bb50px\u00bb][\/vc_column][\/vc_row][vc_row css_animation=\u00bbnone\u00bb][vc_column css_animation=\u00bbbounceInLeft\u00bb width=\u00bb7\/12&#8243;][vc_single_image image=\u00bb4128&#8243; img_size=\u00bbfull\u00bb onclick=\u00bblink_image\u00bb][\/vc_column][vc_column css_animation=\u00bbbounceInRight\u00bb width=\u00bb1\/3&#8243;][vc_images_carousel images=\u00bb4191,4187,4188&#8243; img_size=\u00bb400&#215;300&#8243; speed=\u00bb3000&#8243; autoplay=\u00bbyes\u00bb wrap=\u00bbyes\u00bb css_animation=\u00bbnone\u00bb][\/vc_column][\/vc_row][vc_row css=\u00bb.vc_custom_1702467712030{margin-top: 0px !important;margin-bottom: 0px !important;padding-top: 30px !important;padding-bottom: 15px !important;background-color: #efefef !important;background-position: 0 0 !important;background-repeat: repeat !important;}\u00bb][vc_column][vc_single_image image=\u00bb4189&#8243; img_size=\u00bblarge\u00bb alignment=\u00bbcenter\u00bb style=\u00bbvc_box_shadow_3d\u00bb css_animation=\u00bbflipInX\u00bb][\/vc_column][\/vc_row][vc_row][vc_column][vc_empty_space height=\u00bb50px\u00bb][vc_empty_space height=\u00bb50px\u00bb][vc_column_text] Elevado coeficiente de transferencia t\u00e9rmica por la utilizaci\u00f3n de [&hellip;]<\/p>\n","protected":false},"author":1,"featured_media":3953,"parent":0,"menu_order":0,"comment_status":"closed","ping_status":"closed","template":"","meta":{"footnotes":"","_joinchat":[]},"_links":{"self":[{"href":"https:\/\/frecon.com.ar\/index.php\/wp-json\/wp\/v2\/pages\/4185"}],"collection":[{"href":"https:\/\/frecon.com.ar\/index.php\/wp-json\/wp\/v2\/pages"}],"about":[{"href":"https:\/\/frecon.com.ar\/index.php\/wp-json\/wp\/v2\/types\/page"}],"author":[{"embeddable":true,"href":"https:\/\/frecon.com.ar\/index.php\/wp-json\/wp\/v2\/users\/1"}],"replies":[{"embeddable":true,"href":"https:\/\/frecon.com.ar\/index.php\/wp-json\/wp\/v2\/comments?post=4185"}],"version-history":[{"count":2,"href":"https:\/\/frecon.com.ar\/index.php\/wp-json\/wp\/v2\/pages\/4185\/revisions"}],"predecessor-version":[{"id":4192,"href":"https:\/\/frecon.com.ar\/index.php\/wp-json\/wp\/v2\/pages\/4185\/revisions\/4192"}],"wp:featuredmedia":[{"embeddable":true,"href":"https:\/\/frecon.com.ar\/index.php\/wp-json\/wp\/v2\/media\/3953"}],"wp:attachment":[{"href":"https:\/\/frecon.com.ar\/index.php\/wp-json\/wp\/v2\/media?parent=4185"}],"curies":[{"name":"wp","href":"https:\/\/api.w.org\/{rel}","templated":true}]}}