{"id":31,"date":"2017-10-31T07:44:20","date_gmt":"2017-10-31T07:44:20","guid":{"rendered":"http:\/\/demo2.drfuri.com\/manufactory\/?page_id=31"},"modified":"2024-01-02T17:22:57","modified_gmt":"2024-01-02T16:22:57","slug":"home-4-2","status":"publish","type":"page","link":"https:\/\/frecon.com.ar\/","title":{"rendered":"Home 4"},"content":{"rendered":"<div class=\"wpb-content-wrapper\"><p>[vc_row full_width=\u00bbstretch_row_content_no_spaces\u00bb][vc_column][rev_slider_vc alias=\u00bbslider-4&#8243;][\/vc_column][\/vc_row][vc_row css=\u00bb.vc_custom_1702490627413{background-color: #efefef !important;}\u00bb][vc_column]<div class=\"mf-empty-space \" style=\"\"><div class=\"mf_empty_space_lg\"  style=\"height: 80px\"><\/div><div class=\"mf_empty_space_md\"  style=\"height: 50px\"><\/div><div class=\"mf_empty_space_xs\"  style=\"height: 50px\"><\/div><\/div><div class=\"mf-section-title text-left dark large-size \"><h3 class=\"main-color\">Bienvenido a nuestro sitio Web<\/h3><h2 >FRECON SRL<\/h2><\/div><div class=\"mf-empty-space \" style=\"\"><div class=\"mf_empty_space_lg\"  style=\"height: 45px\"><\/div><div class=\"mf_empty_space_md\"  style=\"height: 45px\"><\/div><div class=\"mf_empty_space_xs\"  style=\"height: 45px\"><\/div><\/div>[vc_column_text]F\u00e1brica Rosarina de Evaporadores, Condensadores e Intercambiadores de Calor. FRECON SRL es una empresa especializada en la Fabricaci\u00f3n de Equipos Evaporadores, Condensadores e Intercambiadores de Calor para la Industria de la Refrigeraci\u00f3n. Contamos con clientes en todo el pa\u00eds, y algunas de las m\u00e1s importantes Empresas del Rubro conf\u00edan en nuestros productos. Esto es posible porque en FRECON SRL nos dedicamos a mejorar continuamente la atenci\u00f3n al cliente, esforz\u00e1ndonos por conseguir el perfil empresario al que aspiramos, mediante la capacitaci\u00f3n personal y la aplicaci\u00f3n de tecnolog\u00eda. Aqu\u00ed encontrar\u00e1 informaci\u00f3n detallada de la empresa y de los productos que ofrecemos; la ubicaci\u00f3n de nuestra planta y los medios de contacto.[\/vc_column_text]<div class=\"mf-empty-space \" style=\"\"><div class=\"mf_empty_space_lg\"  style=\"height: 80px\"><\/div><div class=\"mf_empty_space_md\"  style=\"height: 50px\"><\/div><div class=\"mf_empty_space_xs\"  style=\"height: 50px\"><\/div><\/div>[\/vc_column][\/vc_row][vc_row enable_parallax=\u00bbyes\u00bb css=\u00bb.vc_custom_1580719557310{background-image: url(http:\/\/demo2.steelthemes.com\/induscity\/wp-content\/uploads\/sites\/9\/2020\/02\/counter-hp4.jpg?id=3912) !important;}\u00bb][vc_column]<div class=\"mf-empty-space \" style=\"\"><div class=\"mf_empty_space_lg\"  style=\"height: 80px\"><\/div><div class=\"mf_empty_space_md\"  style=\"height: 50px\"><\/div><div class=\"mf_empty_space_xs\"  style=\"height: 50px\"><\/div><\/div><div class=\"mf-counter columns-3 style-2 \"><div class=\"row list-counter\"><div class=\"col-xs-12 col-sm-6 col-md-4\"><div class=\"counter-wrapper\"><span class=\"mf-icon\"><i class=\"flaticon-buildings\"><\/i><\/span><div class=\"counter-content\"><div class=\"counter\"> <span class=\"counter-value\">15<\/span><span class=\"unit\">+<\/span><\/div><h4 class=\"title\">Trabajadores<\/h4><\/div><\/div><\/div><div class=\"col-xs-12 col-sm-6 col-md-4\"><div class=\"counter-wrapper\"><span class=\"mf-icon\"><i class=\"flaticon-landscape\"><\/i><\/span><div class=\"counter-content\"><div class=\"counter\"> <span class=\"counter-value\">3566<\/span><span class=\"unit\">+<\/span><\/div><h4 class=\"title\">Trabajos entregados<\/h4><\/div><\/div><\/div><div class=\"col-xs-12 col-sm-6 col-md-4\"><div class=\"counter-wrapper\"><span class=\"mf-icon\"><i class=\"flaticon-sign\"><\/i><\/span><div class=\"counter-content\"><div class=\"counter\"> <span class=\"counter-value\">4125<\/span><span class=\"unit\">+<\/span><\/div><h4 class=\"title\">Casos de \u00e9xito<\/h4><\/div><\/div><\/div><\/div><\/div><div class=\"mf-empty-space \" style=\"\"><div class=\"mf_empty_space_lg\"  style=\"height: 80px\"><\/div><div class=\"mf_empty_space_md\"  style=\"height: 50px\"><\/div><div class=\"mf_empty_space_xs\"  style=\"height: 50px\"><\/div><\/div>[\/vc_column][\/vc_row][vc_row css=\u00bb.vc_custom_1702490627413{background-color: #efefef !important;}\u00bb][vc_column]<div class=\"mf-empty-space \" style=\"\"><div class=\"mf_empty_space_lg\"  style=\"height: 80px\"><\/div><div class=\"mf_empty_space_md\"  style=\"height: 50px\"><\/div><div class=\"mf_empty_space_xs\"  style=\"height: 50px\"><\/div><\/div><div class=\"mf-section-title text-left dark large-size \"><h3 class=\"main-color\">Nuestros productos para las<\/h3><h2 >EMPRESAS DEL SECTOR<\/h2><\/div><div class=\"mf-empty-space \" style=\"\"><div class=\"mf_empty_space_lg\"  style=\"height: 80px\"><\/div><div class=\"mf_empty_space_md\"  style=\"height: 50px\"><\/div><div class=\"mf_empty_space_xs\"  style=\"height: 50px\"><\/div><\/div>[\/vc_column][\/vc_row][vc_row enable_parallax=\u00bbyes\u00bb css=\u00bb.vc_custom_1702494111103{background-color: #efefef !important;}\u00bb][vc_column width=\u00bb1\/3&#8243;]<div class=\"mf-empty-space \" style=\"\"><div class=\"mf_empty_space_lg\"  style=\"height: 50px\"><\/div><div class=\"mf_empty_space_md\"  style=\"height: 30px\"><\/div><div class=\"mf_empty_space_xs\"  style=\"height: 30px\"><\/div><\/div>[vc_single_image image=\u00bb3999&#8243; img_size=\u00bblarge\u00bb]<div class=\"mf-empty-space \" style=\"\"><div class=\"mf_empty_space_lg\"  style=\"height: 50px\"><\/div><div class=\"mf_empty_space_md\"  style=\"height: 30px\"><\/div><div class=\"mf_empty_space_xs\"  style=\"height: 30px\"><\/div><\/div>[vc_single_image image=\u00bb4000&#8243; img_size=\u00bblarge\u00bb]<div class=\"mf-empty-space \" style=\"\"><div class=\"mf_empty_space_lg\"  style=\"height: 50px\"><\/div><div class=\"mf_empty_space_md\"  style=\"height: 30px\"><\/div><div class=\"mf_empty_space_xs\"  style=\"height: 30px\"><\/div><\/div>[\/vc_column][vc_column width=\u00bb1\/3&#8243;]<div class=\"mf-empty-space \" style=\"\"><div class=\"mf_empty_space_lg\"  style=\"height: 50px\"><\/div><div class=\"mf_empty_space_md\"  style=\"height: 30px\"><\/div><div class=\"mf_empty_space_xs\"  style=\"height: 30px\"><\/div><\/div>[vc_single_image image=\u00bb3997&#8243; img_size=\u00bblarge\u00bb]<div class=\"mf-empty-space \" style=\"\"><div class=\"mf_empty_space_lg\"  style=\"height: 50px\"><\/div><div class=\"mf_empty_space_md\"  style=\"height: 30px\"><\/div><div class=\"mf_empty_space_xs\"  style=\"height: 30px\"><\/div><\/div>[vc_single_image image=\u00bb3951&#8243; img_size=\u00bblarge\u00bb]<div class=\"mf-empty-space \" style=\"\"><div class=\"mf_empty_space_lg\"  style=\"height: 50px\"><\/div><div class=\"mf_empty_space_md\"  style=\"height: 30px\"><\/div><div class=\"mf_empty_space_xs\"  style=\"height: 30px\"><\/div><\/div>[\/vc_column][vc_column width=\u00bb1\/3&#8243;]<div class=\"mf-empty-space \" style=\"\"><div class=\"mf_empty_space_lg\"  style=\"height: 50px\"><\/div><div class=\"mf_empty_space_md\"  style=\"height: 30px\"><\/div><div class=\"mf_empty_space_xs\"  style=\"height: 30px\"><\/div><\/div>[vc_single_image image=\u00bb3998&#8243; img_size=\u00bblarge\u00bb]<div class=\"mf-empty-space \" style=\"\"><div class=\"mf_empty_space_lg\"  style=\"height: 50px\"><\/div><div class=\"mf_empty_space_md\"  style=\"height: 30px\"><\/div><div class=\"mf_empty_space_xs\"  style=\"height: 30px\"><\/div><\/div>[vc_single_image image=\u00bb3953&#8243; img_size=\u00bblarge\u00bb]<div class=\"mf-empty-space \" style=\"\"><div class=\"mf_empty_space_lg\"  style=\"height: 50px\"><\/div><div class=\"mf_empty_space_md\"  style=\"height: 30px\"><\/div><div class=\"mf_empty_space_xs\"  style=\"height: 30px\"><\/div><\/div>[\/vc_column][\/vc_row]<\/p>\n<\/div>","protected":false},"excerpt":{"rendered":"<p>[vc_row full_width=\u00bbstretch_row_content_no_spaces\u00bb][vc_column][rev_slider_vc alias=\u00bbslider-4&#8243;][\/vc_column][\/vc_row][vc_row css=\u00bb.vc_custom_1702490627413{background-color: #efefef !important;}\u00bb][vc_column][vc_column_text]F\u00e1brica Rosarina de Evaporadores, Condensadores e Intercambiadores de Calor. FRECON SRL es una empresa especializada en la Fabricaci\u00f3n de Equipos Evaporadores, Condensadores e Intercambiadores de Calor para la Industria de la Refrigeraci\u00f3n. Contamos con clientes en todo el pa\u00eds, y algunas de las m\u00e1s importantes Empresas del Rubro conf\u00edan en [&hellip;]<\/p>\n","protected":false},"author":1,"featured_media":0,"parent":0,"menu_order":0,"comment_status":"closed","ping_status":"closed","template":"template-homepage.php","meta":{"footnotes":"","_joinchat":[]},"_links":{"self":[{"href":"https:\/\/frecon.com.ar\/index.php\/wp-json\/wp\/v2\/pages\/31"}],"collection":[{"href":"https:\/\/frecon.com.ar\/index.php\/wp-json\/wp\/v2\/pages"}],"about":[{"href":"https:\/\/frecon.com.ar\/index.php\/wp-json\/wp\/v2\/types\/page"}],"author":[{"embeddable":true,"href":"https:\/\/frecon.com.ar\/index.php\/wp-json\/wp\/v2\/users\/1"}],"replies":[{"embeddable":true,"href":"https:\/\/frecon.com.ar\/index.php\/wp-json\/wp\/v2\/comments?post=31"}],"version-history":[{"count":20,"href":"https:\/\/frecon.com.ar\/index.php\/wp-json\/wp\/v2\/pages\/31\/revisions"}],"predecessor-version":[{"id":4226,"href":"https:\/\/frecon.com.ar\/index.php\/wp-json\/wp\/v2\/pages\/31\/revisions\/4226"}],"wp:attachment":[{"href":"https:\/\/frecon.com.ar\/index.php\/wp-json\/wp\/v2\/media?parent=31"}],"curies":[{"name":"wp","href":"https:\/\/api.w.org\/{rel}","templated":true}]}}